{"id":209,"date":"2024-09-20T11:07:50","date_gmt":"2024-09-20T09:07:50","guid":{"rendered":"http:\/\/staging.giacoplast.com\/?page_id=209"},"modified":"2024-09-24T09:47:41","modified_gmt":"2024-09-24T07:47:41","slug":"attivita","status":"publish","type":"page","link":"https:\/\/www.giacoplast.com\/en\/attivita\/","title":{"rendered":"Activity"},"content":{"rendered":"<div class=\"wp-block-cover alignfull is-light headersmall\"><span aria-hidden=\"true\" class=\"wp-block-cover__background has-background-dim-0 has-background-dim\" style=\"background-color:#b9b7b8\"><\/span><img loading=\"lazy\" decoding=\"async\" width=\"1920\" height=\"800\" class=\"wp-block-cover__image-background wp-image-92\" alt=\"\" src=\"https:\/\/www.giacoplast.com\/wp-content\/uploads\/2024\/09\/giacoplast-header-sottopagine-logo.jpg\" style=\"object-position:50% 5%\" data-object-fit=\"cover\" data-object-position=\"50% 5%\" srcset=\"https:\/\/www.giacoplast.com\/wp-content\/uploads\/2024\/09\/giacoplast-header-sottopagine-logo.jpg 1920w, https:\/\/www.giacoplast.com\/wp-content\/uploads\/2024\/09\/giacoplast-header-sottopagine-logo-300x125.jpg 300w, https:\/\/www.giacoplast.com\/wp-content\/uploads\/2024\/09\/giacoplast-header-sottopagine-logo-1024x427.jpg 1024w, https:\/\/www.giacoplast.com\/wp-content\/uploads\/2024\/09\/giacoplast-header-sottopagine-logo-768x320.jpg 768w, https:\/\/www.giacoplast.com\/wp-content\/uploads\/2024\/09\/giacoplast-header-sottopagine-logo-1536x640.jpg 1536w\" sizes=\"auto, (max-width: 1920px) 100vw, 1920px\" \/><div class=\"wp-block-cover__inner-container is-layout-constrained wp-block-cover-is-layout-constrained\">\n<div style=\"height:50px\" aria-hidden=\"true\" class=\"wp-block-spacer\"><\/div>\n\n\n<div class=\"wp-block-image\">\n<figure class=\"aligncenter size-full is-resized\"><img loading=\"lazy\" decoding=\"async\" width=\"512\" height=\"512\" src=\"https:\/\/www.giacoplast.com\/wp-content\/uploads\/2024\/09\/giacoplast-favicon.png\" alt=\"\" class=\"wp-image-44\" style=\"object-fit:cover;width:100px;height:100px\" srcset=\"https:\/\/www.giacoplast.com\/wp-content\/uploads\/2024\/09\/giacoplast-favicon.png 512w, https:\/\/www.giacoplast.com\/wp-content\/uploads\/2024\/09\/giacoplast-favicon-300x300.png 300w, https:\/\/www.giacoplast.com\/wp-content\/uploads\/2024\/09\/giacoplast-favicon-150x150.png 150w\" sizes=\"auto, (max-width: 512px) 100vw, 512px\" \/><\/figure>\n<\/div>\n\n\n<div style=\"height:20px\" aria-hidden=\"true\" class=\"wp-block-spacer\"><\/div>\n\n\n\n<h1 class=\"wp-block-heading has-text-align-center has-nv-dark-bg-color has-text-color has-link-color wp-elements-e8374b4bc050a251718b6e3ddaee96dc\">Activity<\/h1>\n\n\n\n<div style=\"height:50px\" aria-hidden=\"true\" class=\"wp-block-spacer\"><\/div>\n<\/div><\/div>\n\n\n\n<div style=\"height:80px\" aria-hidden=\"true\" class=\"wp-block-spacer\"><\/div>\n\n\n\n<div class=\"wp-block-columns container1100 is-layout-flex wp-container-core-columns-is-layout-9d6595d7 wp-block-columns-is-layout-flex\">\n<div class=\"wp-block-column is-layout-flow wp-block-column-is-layout-flow\" style=\"flex-basis:33.33%\">\n<p class=\"giustificatesti\">The passion and professionalism in GIACOPLAST make its team able to study and analyse the entire production process in depth.<br>This attention to detail is aimed at ensuring the best technical advice on the choice of the most appropriate plastic material for the Customer\u2019s need, as well as full support and availability for the <strong>design, prototyping, mould production, sampling and product industrialisation<\/strong>.<\/p>\n\n\n\n<p class=\"giustificatesti\">To provide immediate feedback to the customer concerning the implementation of the product, GIACOPLAST is able to <strong>create prototypes<\/strong>, also through the use of modern <strong>3D printers<\/strong>, as well as to complement its professional know-how with the use of injection moulding <strong>simulation technologies<\/strong>, such as <strong>Mould-Flow<\/strong>, in order to ensure the best technical and engineering product requirements to support production.<\/p>\n\n\n\n<p class=\"giustificatesti\">Through the sampling phase, Engineers and Designers perform tests and trials on both moulds and products, thus optimising the time required to finalise the production process. Each sample is then analysed and measured, in a dedicated department, for the preparation of dimensional and qualitative product reports, a function of the validation phase by the customer.<\/p>\n<\/div>\n\n\n\n<div class=\"wp-block-column is-layout-flow wp-block-column-is-layout-flow\" style=\"flex-basis:66.66%\">\n<h2 class=\"wp-block-heading has-text-align-left mb0 has-nv-text-dark-bg-color has-neve-link-color-background-color has-text-color has-background has-link-color wp-elements-1f3c2b5c02d4fba2303c305cb9af8314\">DESIGN AND PROTOTYPING<\/h2>\n\n\n<div class=\"wp-block-image mt0\">\n<figure class=\"alignleft size-full\"><img loading=\"lazy\" decoding=\"async\" width=\"593\" height=\"471\" src=\"https:\/\/www.giacoplast.com\/wp-content\/uploads\/2024\/09\/giacoplast-attivita-progettazione-prototipazione.jpg\" alt=\"\" class=\"wp-image-217\" srcset=\"https:\/\/www.giacoplast.com\/wp-content\/uploads\/2024\/09\/giacoplast-attivita-progettazione-prototipazione.jpg 593w, https:\/\/www.giacoplast.com\/wp-content\/uploads\/2024\/09\/giacoplast-attivita-progettazione-prototipazione-300x238.jpg 300w\" sizes=\"auto, (max-width: 593px) 100vw, 593px\" \/><\/figure>\n<\/div><\/div>\n<\/div>\n\n\n\n<div style=\"height:30px\" aria-hidden=\"true\" class=\"wp-block-spacer\"><\/div>\n\n\n\n<div class=\"wp-block-columns container1100 is-layout-flex wp-container-core-columns-is-layout-9d6595d7 wp-block-columns-is-layout-flex\">\n<div class=\"wp-block-column is-layout-flow wp-block-column-is-layout-flow\" style=\"flex-basis:66.66%\">\n<h2 class=\"wp-block-heading has-text-align-left mb0 has-nv-text-dark-bg-color has-neve-link-color-background-color has-text-color has-background has-link-color wp-elements-3575cefcde39a0a06301d4af5b26cc38\">PRODUCTION AND\nMETAL REPLACEMENT<\/h2>\n\n\n<div class=\"wp-block-image mt0\">\n<figure class=\"alignright size-full\"><img loading=\"lazy\" decoding=\"async\" width=\"593\" height=\"253\" src=\"https:\/\/www.giacoplast.com\/wp-content\/uploads\/2024\/09\/giacoplast-attivita-ingranaggi.jpg\" alt=\"\" class=\"wp-image-234\" srcset=\"https:\/\/www.giacoplast.com\/wp-content\/uploads\/2024\/09\/giacoplast-attivita-ingranaggi.jpg 593w, https:\/\/www.giacoplast.com\/wp-content\/uploads\/2024\/09\/giacoplast-attivita-ingranaggi-300x128.jpg 300w\" sizes=\"auto, (max-width: 593px) 100vw, 593px\" \/><\/figure>\n<\/div><\/div>\n\n\n\n<div class=\"wp-block-column is-layout-flow wp-block-column-is-layout-flow\" style=\"flex-basis:33.33%\">\n<p class=\"giustificatesti\">GIACOPLAST is able to mould any type of amorphous and semi-crystalline plastic material, whether common, engineering or, above all, high performance such as technopolymers.<\/p>\n\n\n\n<p class=\"giustificatesti translation-block\">A peculiarity as well as specific activity of GIACOPLAST is that of <strong>\u201cMetal Replacement\u201d<\/strong> i.e. the reproduction and replacement of metal components with products made of high-performance plastics. This innovation uses specific and resistant technopolymers that will allow the Customer to obtain a very high quality and strong product, reducing production costs and future maintenance, without affecting the functional and performance specifications of the finished product.<\/p>\n\n\n\n<p class=\"giustificatesti translation-block\">The use of plastics in industry has many applications thanks to the <strong>cost, durability and resistance advantages of external agents<\/strong> that the plastic provides. For these reasons, <strong>plastics are replacing metals in many sectors<\/strong> and this dissemination has made it necessary to increase the commitment related to technological research and environmental protection.<\/p>\n<\/div>\n<\/div>\n\n\n\n<div style=\"height:80px\" aria-hidden=\"true\" class=\"wp-block-spacer\"><\/div>","protected":false},"excerpt":{"rendered":"<p>La passione e la professionalit\u00e0 presenti in GIACOPLAST rende possibile, da parte del suo team, uno studio ed un\u2019analisi approfondita di tutto il processo produttivo.Tale attenzione \u00e8 atta a garantire la miglior consulenza tecnica circa la scelta del materiale plastico pi\u00f9 opportuno alla finalit\u00e0 del Cliente, la progettazione, la prototipazione, la realizzazione dello stampo, la&hellip;&nbsp;<a href=\"https:\/\/www.giacoplast.com\/en\/attivita\/\" rel=\"bookmark\">Read More &raquo;<span class=\"screen-reader-text\">Activity<\/span><\/a><\/p>","protected":false},"author":1,"featured_media":0,"parent":0,"menu_order":0,"comment_status":"closed","ping_status":"closed","template":"","meta":{"neve_meta_sidebar":"","neve_meta_container":"","neve_meta_enable_content_width":"","neve_meta_content_width":0,"neve_meta_title_alignment":"","neve_meta_author_avatar":"","neve_post_elements_order":"","neve_meta_disable_header":"","neve_meta_disable_footer":"","neve_meta_disable_title":"on","neve_meta_reading_time":"","footnotes":""},"class_list":["post-209","page","type-page","status-publish","hentry"],"_links":{"self":[{"href":"https:\/\/www.giacoplast.com\/en\/wp-json\/wp\/v2\/pages\/209","targetHints":{"allow":["GET"]}}],"collection":[{"href":"https:\/\/www.giacoplast.com\/en\/wp-json\/wp\/v2\/pages"}],"about":[{"href":"https:\/\/www.giacoplast.com\/en\/wp-json\/wp\/v2\/types\/page"}],"author":[{"embeddable":true,"href":"https:\/\/www.giacoplast.com\/en\/wp-json\/wp\/v2\/users\/1"}],"replies":[{"embeddable":true,"href":"https:\/\/www.giacoplast.com\/en\/wp-json\/wp\/v2\/comments?post=209"}],"version-history":[{"count":23,"href":"https:\/\/www.giacoplast.com\/en\/wp-json\/wp\/v2\/pages\/209\/revisions"}],"predecessor-version":[{"id":515,"href":"https:\/\/www.giacoplast.com\/en\/wp-json\/wp\/v2\/pages\/209\/revisions\/515"}],"wp:attachment":[{"href":"https:\/\/www.giacoplast.com\/en\/wp-json\/wp\/v2\/media?parent=209"}],"curies":[{"name":"wp","href":"https:\/\/api.w.org\/{rel}","templated":true}]}}