{"id":170,"date":"2024-09-20T10:02:37","date_gmt":"2024-09-20T08:02:37","guid":{"rendered":"http:\/\/staging.giacoplast.com\/?page_id=170"},"modified":"2024-09-24T12:21:25","modified_gmt":"2024-09-24T10:21:25","slug":"azienda","status":"publish","type":"page","link":"https:\/\/www.giacoplast.com\/it_it\/azienda\/","title":{"rendered":"Azienda"},"content":{"rendered":"\n<div class=\"wp-block-cover alignfull is-light headersmall\"><span aria-hidden=\"true\" class=\"wp-block-cover__background has-background-dim-0 has-background-dim\" style=\"background-color:#b9b7b8\"><\/span><img loading=\"lazy\" decoding=\"async\" width=\"1920\" height=\"800\" class=\"wp-block-cover__image-background wp-image-92\" alt=\"\" src=\"https:\/\/www.giacoplast.com\/wp-content\/uploads\/2024\/09\/giacoplast-header-sottopagine-logo.jpg\" style=\"object-position:50% 5%\" data-object-fit=\"cover\" data-object-position=\"50% 5%\" srcset=\"https:\/\/www.giacoplast.com\/wp-content\/uploads\/2024\/09\/giacoplast-header-sottopagine-logo.jpg 1920w, https:\/\/www.giacoplast.com\/wp-content\/uploads\/2024\/09\/giacoplast-header-sottopagine-logo-300x125.jpg 300w, https:\/\/www.giacoplast.com\/wp-content\/uploads\/2024\/09\/giacoplast-header-sottopagine-logo-1024x427.jpg 1024w, https:\/\/www.giacoplast.com\/wp-content\/uploads\/2024\/09\/giacoplast-header-sottopagine-logo-768x320.jpg 768w, https:\/\/www.giacoplast.com\/wp-content\/uploads\/2024\/09\/giacoplast-header-sottopagine-logo-1536x640.jpg 1536w\" sizes=\"auto, (max-width: 1920px) 100vw, 1920px\" \/><div class=\"wp-block-cover__inner-container is-layout-constrained wp-block-cover-is-layout-constrained\">\n<div style=\"height:50px\" aria-hidden=\"true\" class=\"wp-block-spacer\"><\/div>\n\n\n<div class=\"wp-block-image\">\n<figure class=\"aligncenter size-full is-resized\"><img loading=\"lazy\" decoding=\"async\" width=\"512\" height=\"512\" src=\"https:\/\/www.giacoplast.com\/wp-content\/uploads\/2024\/09\/giacoplast-favicon.png\" alt=\"\" class=\"wp-image-44\" style=\"object-fit:cover;width:100px;height:100px\" srcset=\"https:\/\/www.giacoplast.com\/wp-content\/uploads\/2024\/09\/giacoplast-favicon.png 512w, https:\/\/www.giacoplast.com\/wp-content\/uploads\/2024\/09\/giacoplast-favicon-300x300.png 300w, https:\/\/www.giacoplast.com\/wp-content\/uploads\/2024\/09\/giacoplast-favicon-150x150.png 150w\" sizes=\"auto, (max-width: 512px) 100vw, 512px\" \/><\/figure>\n<\/div>\n\n\n<div style=\"height:20px\" aria-hidden=\"true\" class=\"wp-block-spacer\"><\/div>\n\n\n\n<h1 class=\"wp-block-heading has-text-align-center has-nv-dark-bg-color has-text-color has-link-color wp-elements-77f7e1546c5541d330ba003bbe015930\">Azienda<\/h1>\n\n\n\n<div style=\"height:50px\" aria-hidden=\"true\" class=\"wp-block-spacer\"><\/div>\n<\/div><\/div>\n\n\n\n<div style=\"height:80px\" aria-hidden=\"true\" class=\"wp-block-spacer\"><\/div>\n\n\n<div class=\"wp-block-image\">\n<figure class=\"aligncenter size-large\"><img loading=\"lazy\" decoding=\"async\" width=\"1024\" height=\"240\" src=\"https:\/\/www.giacoplast.com\/wp-content\/uploads\/2024\/09\/giacoplast-azienda-logo-testo-1024x240.jpg\" alt=\"\" class=\"wp-image-174\" srcset=\"https:\/\/www.giacoplast.com\/wp-content\/uploads\/2024\/09\/giacoplast-azienda-logo-testo-1024x240.jpg 1024w, https:\/\/www.giacoplast.com\/wp-content\/uploads\/2024\/09\/giacoplast-azienda-logo-testo-300x70.jpg 300w, https:\/\/www.giacoplast.com\/wp-content\/uploads\/2024\/09\/giacoplast-azienda-logo-testo-768x180.jpg 768w, https:\/\/www.giacoplast.com\/wp-content\/uploads\/2024\/09\/giacoplast-azienda-logo-testo-1536x361.jpg 1536w, https:\/\/www.giacoplast.com\/wp-content\/uploads\/2024\/09\/giacoplast-azienda-logo-testo.jpg 1917w\" sizes=\"auto, (max-width: 1024px) 100vw, 1024px\" \/><\/figure>\n<\/div>\n\n\n<div style=\"height:50px\" aria-hidden=\"true\" class=\"wp-block-spacer\"><\/div>\n\n\n\n<div class=\"wp-block-columns container1100 is-layout-flex wp-container-core-columns-is-layout-9d6595d7 wp-block-columns-is-layout-flex\">\n<div class=\"wp-block-column is-layout-flow wp-block-column-is-layout-flow\">\n<p>GIACOPLAST \u00e8 un\u2019azienda specializzata nello stampaggio di materiale termoplastico e termoindurente che ha acquisito professionalit\u00e0 e conoscenza del mercato, nazionale ed internazionale, nonch\u00e9 del settore della lavorazione dei materiali plastici, operando con un\u2019esperienza altamente specializzata e competenze professionali da pi\u00f9 di 40 anni.<\/p>\n\n\n\n<p>Partendo da una realt\u00e0 artigiana, e passando tramite una profonda trasformazione e crescita, oggi GIACOPLAST \u00e8 un\u2019azienda non solo affermata nel settore di riferimento, ma \u00e8 anche una societ\u00e0 ad alta specializzazione, che pu\u00f2 contare su moderne ed innovative attrezzature e macchinari, oltrech\u00e9 su moderne ed efficienti tecnologie per l\u2019intera gestione del processo produttivo atto a realizzare prodotti pienamente rispondenti ai requisiti e specifiche di progetto.<\/p>\n\n\n\n<p>Infatti, attraverso il connubio tra l\u2019esperienza coltivata nel passato e gli investimenti in tecnologie all\u2019avanguardia di gestione del processo produttivo, GIACOPLAST \u00e8 in grado di realizzare manufatti plastici ad elevate prestazioni tecniche e di soddisfare ogni esigenza richiesta dal mercato in tutti i settori di riferimento possedendo e garantendo ai propri Clienti un elevato <strong>grado di flessibilit\u00e0 gestionale e del processo produttivo<\/strong>.<\/p>\n\n\n\n<p>L\u2019organico altamente specializzato ed esperto permette di garantire costante assistenza al Cliente nonch\u00e9 la cura del prodotto in ogni fase del processo, quali progettazione e realizzazione di stampi, prototipazione e stampaggio di tecnopolimeri per i diversi settori industriali quali ad esempio automotive, elettrico, tessile, oil &amp; gas, meccanico, elettromeccanico, aeronautico, tessile, medicale farmaceutico e telecomunicazioni.<\/p>\n\n\n\n<div style=\"height:30px\" aria-hidden=\"true\" class=\"wp-block-spacer\"><\/div>\n\n\n\n<div class=\"wp-block-columns are-vertically-aligned-center is-layout-flex wp-container-core-columns-is-layout-9d6595d7 wp-block-columns-is-layout-flex\">\n<div class=\"wp-block-column is-vertically-aligned-center is-layout-flow wp-block-column-is-layout-flow\" style=\"flex-basis:35%\"><div class=\"wp-block-image\">\n<figure class=\"aligncenter size-full\"><img loading=\"lazy\" decoding=\"async\" width=\"548\" height=\"704\" src=\"https:\/\/www.giacoplast.com\/wp-content\/uploads\/2024\/09\/giacoplast-azienda-bg-prodotti.jpg\" alt=\"\" class=\"wp-image-180\" srcset=\"https:\/\/www.giacoplast.com\/wp-content\/uploads\/2024\/09\/giacoplast-azienda-bg-prodotti.jpg 548w, https:\/\/www.giacoplast.com\/wp-content\/uploads\/2024\/09\/giacoplast-azienda-bg-prodotti-234x300.jpg 234w\" sizes=\"auto, (max-width: 548px) 100vw, 548px\" \/><\/figure>\n<\/div><\/div>\n\n\n\n<div class=\"wp-block-column is-vertically-aligned-center is-layout-flow wp-block-column-is-layout-flow\" style=\"flex-basis:65%\">\n<p>GIACOPLAST \u00e8 in grado di offrire ai propri Clienti prodotti \u201csu misura\u201d, proponendo quindi soluzioni sempre pi\u00f9 complete in un mercato in continuo sviluppo; \u00e8 infatti in grado di supportare il Cliente dall\u2019idea iniziale verso il miglior risultato in termini di affidabilit\u00e0, produttivit\u00e0, tempistiche e costi, attraverso i propri punti di forza, quali:<\/p>\n\n\n\n<p><strong>Innovazione tecnologica<\/strong> dei macchinari e dei sistemi di gestione del processo produttivo; Altissima Precisione dei prodotti realizzati nel rispetto delle tolleranze prestabilite attraverso un pianificato e metodologico sistema di Controllo e pieno rispetto e <strong>puntualit\u00e0 delle tempistiche di consegna<\/strong>;<br>Elevata professionalit\u00e0 del Servizio di gestione e analisi preliminare e massimizzazione della <strong>Qualit\u00e0<\/strong>, minimizzando i pezzi scartati nonch\u00e9 riducendo notevolmente gli sprechi in un\u2019ottica di <strong>salvaguardia dell\u2019Ambiente<\/strong>;<br><strong>Flessibilit\u00e0<\/strong> gestionale e di processo produttivo.<br>Efficienza dell\u2019intero processo lavorativo con consequenziale incremento della <strong>competitivit\u00e0 economica<\/strong>.<\/p>\n<\/div>\n<\/div>\n\n\n\n<div style=\"height:30px\" aria-hidden=\"true\" class=\"wp-block-spacer\"><\/div>\n\n\n\n<div class=\"wp-block-columns is-layout-flex wp-container-core-columns-is-layout-9d6595d7 wp-block-columns-is-layout-flex\">\n<div class=\"wp-block-column is-layout-flow wp-block-column-is-layout-flow\"><div class=\"wp-block-image\">\n<figure class=\"aligncenter size-full\"><img loading=\"lazy\" decoding=\"async\" width=\"673\" height=\"281\" src=\"https:\/\/www.giacoplast.com\/wp-content\/uploads\/2024\/09\/giacoplast-scontorno-ingranaggi-3pezzi.png\" alt=\"\" class=\"wp-image-189\" srcset=\"https:\/\/www.giacoplast.com\/wp-content\/uploads\/2024\/09\/giacoplast-scontorno-ingranaggi-3pezzi.png 673w, https:\/\/www.giacoplast.com\/wp-content\/uploads\/2024\/09\/giacoplast-scontorno-ingranaggi-3pezzi-300x125.png 300w\" sizes=\"auto, (max-width: 673px) 100vw, 673px\" \/><\/figure>\n<\/div><\/div>\n\n\n\n<div class=\"wp-block-column is-layout-flow wp-block-column-is-layout-flow\"><div class=\"wp-block-image\">\n<figure class=\"aligncenter size-full\"><img loading=\"lazy\" decoding=\"async\" width=\"1024\" height=\"648\" src=\"https:\/\/www.giacoplast.com\/wp-content\/uploads\/2024\/09\/giacoplast-azienda-bottom.jpg\" alt=\"\" class=\"wp-image-190\" srcset=\"https:\/\/www.giacoplast.com\/wp-content\/uploads\/2024\/09\/giacoplast-azienda-bottom.jpg 1024w, https:\/\/www.giacoplast.com\/wp-content\/uploads\/2024\/09\/giacoplast-azienda-bottom-300x190.jpg 300w, https:\/\/www.giacoplast.com\/wp-content\/uploads\/2024\/09\/giacoplast-azienda-bottom-768x486.jpg 768w\" sizes=\"auto, (max-width: 1024px) 100vw, 1024px\" \/><\/figure>\n<\/div><\/div>\n<\/div>\n<\/div>\n<\/div>\n\n\n\n<div style=\"height:50px\" aria-hidden=\"true\" class=\"wp-block-spacer\"><\/div>\n\n\n\n<div class=\"wp-block-cover alignfull\" style=\"min-height:50px;aspect-ratio:unset;\"><span aria-hidden=\"true\" class=\"wp-block-cover__background has-neve-link-color-background-color has-background-dim-100 has-background-dim\"><\/span><div class=\"wp-block-cover__inner-container is-layout-constrained wp-block-cover-is-layout-constrained\">\n<div style=\"height:40px\" aria-hidden=\"true\" class=\"wp-block-spacer\"><\/div>\n\n\n\n<h2 class=\"wp-block-heading has-text-align-center mb0\">PLASTIC ENGINEERING SERVICES<\/h2>\n\n\n\n<div style=\"height:40px\" aria-hidden=\"true\" class=\"wp-block-spacer\"><\/div>\n<\/div><\/div>\n","protected":false},"excerpt":{"rendered":"<p>GIACOPLAST \u00e8 un\u2019azienda specializzata nello stampaggio di materiale termoplastico e termoindurente che ha acquisito professionalit\u00e0 e conoscenza del mercato, nazionale ed internazionale, nonch\u00e9 del settore della lavorazione dei materiali plastici, operando con un\u2019esperienza altamente specializzata e competenze professionali da pi\u00f9 di 40 anni. Partendo da una realt\u00e0 artigiana, e passando tramite una profonda trasformazione e&hellip;&nbsp;<a href=\"https:\/\/www.giacoplast.com\/it_it\/azienda\/\" rel=\"bookmark\">Read More &raquo;<span class=\"screen-reader-text\">Azienda<\/span><\/a><\/p>\n","protected":false},"author":1,"featured_media":0,"parent":0,"menu_order":0,"comment_status":"closed","ping_status":"closed","template":"","meta":{"neve_meta_sidebar":"","neve_meta_container":"","neve_meta_enable_content_width":"","neve_meta_content_width":0,"neve_meta_title_alignment":"","neve_meta_author_avatar":"","neve_post_elements_order":"","neve_meta_disable_header":"","neve_meta_disable_footer":"","neve_meta_disable_title":"on","neve_meta_reading_time":"","footnotes":""},"class_list":["post-170","page","type-page","status-publish","hentry"],"_links":{"self":[{"href":"https:\/\/www.giacoplast.com\/it_it\/wp-json\/wp\/v2\/pages\/170","targetHints":{"allow":["GET"]}}],"collection":[{"href":"https:\/\/www.giacoplast.com\/it_it\/wp-json\/wp\/v2\/pages"}],"about":[{"href":"https:\/\/www.giacoplast.com\/it_it\/wp-json\/wp\/v2\/types\/page"}],"author":[{"embeddable":true,"href":"https:\/\/www.giacoplast.com\/it_it\/wp-json\/wp\/v2\/users\/1"}],"replies":[{"embeddable":true,"href":"https:\/\/www.giacoplast.com\/it_it\/wp-json\/wp\/v2\/comments?post=170"}],"version-history":[{"count":30,"href":"https:\/\/www.giacoplast.com\/it_it\/wp-json\/wp\/v2\/pages\/170\/revisions"}],"predecessor-version":[{"id":526,"href":"https:\/\/www.giacoplast.com\/it_it\/wp-json\/wp\/v2\/pages\/170\/revisions\/526"}],"wp:attachment":[{"href":"https:\/\/www.giacoplast.com\/it_it\/wp-json\/wp\/v2\/media?parent=170"}],"curies":[{"name":"wp","href":"https:\/\/api.w.org\/{rel}","templated":true}]}}