{"id":209,"date":"2024-09-20T11:07:50","date_gmt":"2024-09-20T09:07:50","guid":{"rendered":"http:\/\/staging.giacoplast.com\/?page_id=209"},"modified":"2024-09-24T09:47:41","modified_gmt":"2024-09-24T07:47:41","slug":"attivita","status":"publish","type":"page","link":"https:\/\/www.giacoplast.com\/it_it\/attivita\/","title":{"rendered":"Attivit\u00e0"},"content":{"rendered":"\n<div class=\"wp-block-cover alignfull is-light headersmall\"><span aria-hidden=\"true\" class=\"wp-block-cover__background has-background-dim-0 has-background-dim\" style=\"background-color:#b9b7b8\"><\/span><img loading=\"lazy\" decoding=\"async\" width=\"1920\" height=\"800\" class=\"wp-block-cover__image-background wp-image-92\" alt=\"\" src=\"https:\/\/www.giacoplast.com\/wp-content\/uploads\/2024\/09\/giacoplast-header-sottopagine-logo.jpg\" style=\"object-position:50% 5%\" data-object-fit=\"cover\" data-object-position=\"50% 5%\" srcset=\"https:\/\/www.giacoplast.com\/wp-content\/uploads\/2024\/09\/giacoplast-header-sottopagine-logo.jpg 1920w, https:\/\/www.giacoplast.com\/wp-content\/uploads\/2024\/09\/giacoplast-header-sottopagine-logo-300x125.jpg 300w, https:\/\/www.giacoplast.com\/wp-content\/uploads\/2024\/09\/giacoplast-header-sottopagine-logo-1024x427.jpg 1024w, https:\/\/www.giacoplast.com\/wp-content\/uploads\/2024\/09\/giacoplast-header-sottopagine-logo-768x320.jpg 768w, https:\/\/www.giacoplast.com\/wp-content\/uploads\/2024\/09\/giacoplast-header-sottopagine-logo-1536x640.jpg 1536w\" sizes=\"auto, (max-width: 1920px) 100vw, 1920px\" \/><div class=\"wp-block-cover__inner-container is-layout-constrained wp-block-cover-is-layout-constrained\">\n<div style=\"height:50px\" aria-hidden=\"true\" class=\"wp-block-spacer\"><\/div>\n\n\n<div class=\"wp-block-image\">\n<figure class=\"aligncenter size-full is-resized\"><img loading=\"lazy\" decoding=\"async\" width=\"512\" height=\"512\" src=\"https:\/\/www.giacoplast.com\/wp-content\/uploads\/2024\/09\/giacoplast-favicon.png\" alt=\"\" class=\"wp-image-44\" style=\"object-fit:cover;width:100px;height:100px\" srcset=\"https:\/\/www.giacoplast.com\/wp-content\/uploads\/2024\/09\/giacoplast-favicon.png 512w, https:\/\/www.giacoplast.com\/wp-content\/uploads\/2024\/09\/giacoplast-favicon-300x300.png 300w, https:\/\/www.giacoplast.com\/wp-content\/uploads\/2024\/09\/giacoplast-favicon-150x150.png 150w\" sizes=\"auto, (max-width: 512px) 100vw, 512px\" \/><\/figure>\n<\/div>\n\n\n<div style=\"height:20px\" aria-hidden=\"true\" class=\"wp-block-spacer\"><\/div>\n\n\n\n<h1 class=\"wp-block-heading has-text-align-center has-nv-dark-bg-color has-text-color has-link-color wp-elements-e8374b4bc050a251718b6e3ddaee96dc\">Attivit\u00e0<\/h1>\n\n\n\n<div style=\"height:50px\" aria-hidden=\"true\" class=\"wp-block-spacer\"><\/div>\n<\/div><\/div>\n\n\n\n<div style=\"height:80px\" aria-hidden=\"true\" class=\"wp-block-spacer\"><\/div>\n\n\n\n<div class=\"wp-block-columns container1100 is-layout-flex wp-container-core-columns-is-layout-9d6595d7 wp-block-columns-is-layout-flex\">\n<div class=\"wp-block-column is-layout-flow wp-block-column-is-layout-flow\" style=\"flex-basis:33.33%\">\n<p class=\"giustificatesti\">La passione e la professionalit\u00e0 presenti in GIACOPLAST rende possibile, da parte del suo team, uno studio ed un\u2019analisi approfondita di tutto il processo produttivo.<br>Tale attenzione \u00e8 atta a garantire la miglior consulenza tecnica circa la scelta del materiale plastico pi\u00f9 opportuno alla finalit\u00e0 del Cliente, la progettazione, la prototipazione, la realizzazione dello stampo, la campionatura e l\u2019industrializzazione del prodotto.<\/p>\n\n\n\n<p class=\"giustificatesti\">Per fornire un immediato riscontro al Cliente circa la realizzazione del prodotto, GIACOPLAST \u00e8 in grado di creare prototipi attraverso, anche, l\u2019utilizzo di moderne stampanti 3D, oltrech\u00e8, associare al proprio kown-how professionale, l\u2019utilizzo di tecnologie di simulazione di stampaggio ad iniezione, quale il Mold-Flow, al fine di garantire le migliori esigenze tecniche e di ingegnerizzazione del prodotto a supporto della produzione.<\/p>\n\n\n\n<p class=\"giustificatesti\">Ingegneri e Progettisti, attraverso la fase di campionamento, rendono possibili prove e collaudi, sia degli stampi che dei prodotti, ottimizzando quindi i tempi di messa a punto del processo produttivo. Ogni campionatura viene poi analizzata e misurata, in apposito reparto, per la stesura dei report dimensionali e qualitativi del prodotto, funzione della fase di validazione ad opera del cliente.<\/p>\n<\/div>\n\n\n\n<div class=\"wp-block-column is-layout-flow wp-block-column-is-layout-flow\" style=\"flex-basis:66.66%\">\n<h2 class=\"wp-block-heading has-text-align-left mb0 has-nv-text-dark-bg-color has-neve-link-color-background-color has-text-color has-background has-link-color wp-elements-1f3c2b5c02d4fba2303c305cb9af8314\">PROGETTAZIONE E PROTOTIPAZIONE<\/h2>\n\n\n<div class=\"wp-block-image mt0\">\n<figure class=\"alignleft size-full\"><img loading=\"lazy\" decoding=\"async\" width=\"593\" height=\"471\" src=\"https:\/\/www.giacoplast.com\/wp-content\/uploads\/2024\/09\/giacoplast-attivita-progettazione-prototipazione.jpg\" alt=\"\" class=\"wp-image-217\" srcset=\"https:\/\/www.giacoplast.com\/wp-content\/uploads\/2024\/09\/giacoplast-attivita-progettazione-prototipazione.jpg 593w, https:\/\/www.giacoplast.com\/wp-content\/uploads\/2024\/09\/giacoplast-attivita-progettazione-prototipazione-300x238.jpg 300w\" sizes=\"auto, (max-width: 593px) 100vw, 593px\" \/><\/figure>\n<\/div><\/div>\n<\/div>\n\n\n\n<div style=\"height:30px\" aria-hidden=\"true\" class=\"wp-block-spacer\"><\/div>\n\n\n\n<div class=\"wp-block-columns container1100 is-layout-flex wp-container-core-columns-is-layout-9d6595d7 wp-block-columns-is-layout-flex\">\n<div class=\"wp-block-column is-layout-flow wp-block-column-is-layout-flow\" style=\"flex-basis:66.66%\">\n<h2 class=\"wp-block-heading has-text-align-left mb0 has-nv-text-dark-bg-color has-neve-link-color-background-color has-text-color has-background has-link-color wp-elements-3575cefcde39a0a06301d4af5b26cc38\">PRODUZIONE E METAL REPLACEMENT<\/h2>\n\n\n<div class=\"wp-block-image mt0\">\n<figure class=\"alignright size-full\"><img loading=\"lazy\" decoding=\"async\" width=\"593\" height=\"253\" src=\"https:\/\/www.giacoplast.com\/wp-content\/uploads\/2024\/09\/giacoplast-attivita-ingranaggi.jpg\" alt=\"\" class=\"wp-image-234\" srcset=\"https:\/\/www.giacoplast.com\/wp-content\/uploads\/2024\/09\/giacoplast-attivita-ingranaggi.jpg 593w, https:\/\/www.giacoplast.com\/wp-content\/uploads\/2024\/09\/giacoplast-attivita-ingranaggi-300x128.jpg 300w\" sizes=\"auto, (max-width: 593px) 100vw, 593px\" \/><\/figure>\n<\/div><\/div>\n\n\n\n<div class=\"wp-block-column is-layout-flow wp-block-column-is-layout-flow\" style=\"flex-basis:33.33%\">\n<p class=\"giustificatesti\">GIACOPLAST \u00e8 in grado di stampare qualunque tipo di materiale plastico, amorfo e semicristallino, sia di fascia comune, ingegneristica che, e soprattutto, ad elevate prestazioni quali tecnopolimeri.<\/p>\n\n\n\n<p class=\"giustificatesti\">Una peculiarit\u00e0, nonch\u00e9 attivit\u00e0 specifica di GIACOPLAST \u00e8 quella del <strong>\u201cMetal Replacement\u201d<\/strong> ovvero la riproduzione e sostituzione di componenti metallici in manufatti realizzati in materiali plastici ad elevate prestazioni. Tale innovazione sfrutta tecnopolimeri specifici e resistenti che consentiranno al Cliente di ottenere un manufatto di altissima qualit\u00e0 e resistenza riducendo i costi di produzione e futura manutenzione, senza inficiare le specifiche funzionali e prestazionali del prodotto finito.<\/p>\n\n\n\n<p class=\"giustificatesti\">L\u2019utilizzo di materiali plastici nell\u2019industria ha molteplici applicazioni grazie ai <strong>vantaggi di costo, durata e resistenza degli agenti esterni<\/strong> che la plastica possiede. Per questi motivi i <strong>materiali plastici stanno sostituendo, in molti settori, quelli metallici<\/strong> e tale diffusione ha reso necessario sempre un maggior impegno correlato alla ricerca tecnologica e alla salvaguardia dell\u2019ambiente.<\/p>\n<\/div>\n<\/div>\n\n\n\n<div style=\"height:80px\" aria-hidden=\"true\" class=\"wp-block-spacer\"><\/div>\n","protected":false},"excerpt":{"rendered":"<p>La passione e la professionalit\u00e0 presenti in GIACOPLAST rende possibile, da parte del suo team, uno studio ed un\u2019analisi approfondita di tutto il processo produttivo.Tale attenzione \u00e8 atta a garantire la miglior consulenza tecnica circa la scelta del materiale plastico pi\u00f9 opportuno alla finalit\u00e0 del Cliente, la progettazione, la prototipazione, la realizzazione dello stampo, la&hellip;&nbsp;<a href=\"https:\/\/www.giacoplast.com\/it_it\/attivita\/\" rel=\"bookmark\">Read More &raquo;<span class=\"screen-reader-text\">Attivit\u00e0<\/span><\/a><\/p>\n","protected":false},"author":1,"featured_media":0,"parent":0,"menu_order":0,"comment_status":"closed","ping_status":"closed","template":"","meta":{"neve_meta_sidebar":"","neve_meta_container":"","neve_meta_enable_content_width":"","neve_meta_content_width":0,"neve_meta_title_alignment":"","neve_meta_author_avatar":"","neve_post_elements_order":"","neve_meta_disable_header":"","neve_meta_disable_footer":"","neve_meta_disable_title":"on","neve_meta_reading_time":"","footnotes":""},"class_list":["post-209","page","type-page","status-publish","hentry"],"_links":{"self":[{"href":"https:\/\/www.giacoplast.com\/it_it\/wp-json\/wp\/v2\/pages\/209","targetHints":{"allow":["GET"]}}],"collection":[{"href":"https:\/\/www.giacoplast.com\/it_it\/wp-json\/wp\/v2\/pages"}],"about":[{"href":"https:\/\/www.giacoplast.com\/it_it\/wp-json\/wp\/v2\/types\/page"}],"author":[{"embeddable":true,"href":"https:\/\/www.giacoplast.com\/it_it\/wp-json\/wp\/v2\/users\/1"}],"replies":[{"embeddable":true,"href":"https:\/\/www.giacoplast.com\/it_it\/wp-json\/wp\/v2\/comments?post=209"}],"version-history":[{"count":23,"href":"https:\/\/www.giacoplast.com\/it_it\/wp-json\/wp\/v2\/pages\/209\/revisions"}],"predecessor-version":[{"id":515,"href":"https:\/\/www.giacoplast.com\/it_it\/wp-json\/wp\/v2\/pages\/209\/revisions\/515"}],"wp:attachment":[{"href":"https:\/\/www.giacoplast.com\/it_it\/wp-json\/wp\/v2\/media?parent=209"}],"curies":[{"name":"wp","href":"https:\/\/api.w.org\/{rel}","templated":true}]}}