{"id":251,"date":"2024-09-20T11:33:04","date_gmt":"2024-09-20T09:33:04","guid":{"rendered":"http:\/\/staging.giacoplast.com\/?page_id=251"},"modified":"2024-09-24T12:23:54","modified_gmt":"2024-09-24T10:23:54","slug":"prodotti-servizi","status":"publish","type":"page","link":"https:\/\/www.giacoplast.com\/it_it\/prodotti-servizi\/","title":{"rendered":"Prodotti e servizi"},"content":{"rendered":"\n<div class=\"wp-block-cover alignfull is-light headersmall\"><span aria-hidden=\"true\" class=\"wp-block-cover__background has-background-dim-0 has-background-dim\" style=\"background-color:#b9b7b8\"><\/span><img loading=\"lazy\" decoding=\"async\" width=\"1920\" height=\"800\" class=\"wp-block-cover__image-background wp-image-92\" alt=\"\" src=\"https:\/\/www.giacoplast.com\/wp-content\/uploads\/2024\/09\/giacoplast-header-sottopagine-logo.jpg\" data-object-fit=\"cover\" srcset=\"https:\/\/www.giacoplast.com\/wp-content\/uploads\/2024\/09\/giacoplast-header-sottopagine-logo.jpg 1920w, https:\/\/www.giacoplast.com\/wp-content\/uploads\/2024\/09\/giacoplast-header-sottopagine-logo-300x125.jpg 300w, https:\/\/www.giacoplast.com\/wp-content\/uploads\/2024\/09\/giacoplast-header-sottopagine-logo-1024x427.jpg 1024w, https:\/\/www.giacoplast.com\/wp-content\/uploads\/2024\/09\/giacoplast-header-sottopagine-logo-768x320.jpg 768w, https:\/\/www.giacoplast.com\/wp-content\/uploads\/2024\/09\/giacoplast-header-sottopagine-logo-1536x640.jpg 1536w\" sizes=\"auto, (max-width: 1920px) 100vw, 1920px\" \/><div class=\"wp-block-cover__inner-container is-layout-constrained wp-block-cover-is-layout-constrained\">\n<div style=\"height:50px\" aria-hidden=\"true\" class=\"wp-block-spacer\"><\/div>\n\n\n<div class=\"wp-block-image\">\n<figure class=\"aligncenter size-full is-resized\"><img loading=\"lazy\" decoding=\"async\" width=\"512\" height=\"512\" src=\"https:\/\/www.giacoplast.com\/wp-content\/uploads\/2024\/09\/giacoplast-favicon.png\" alt=\"\" class=\"wp-image-44\" style=\"object-fit:cover;width:100px;height:100px\" srcset=\"https:\/\/www.giacoplast.com\/wp-content\/uploads\/2024\/09\/giacoplast-favicon.png 512w, https:\/\/www.giacoplast.com\/wp-content\/uploads\/2024\/09\/giacoplast-favicon-300x300.png 300w, https:\/\/www.giacoplast.com\/wp-content\/uploads\/2024\/09\/giacoplast-favicon-150x150.png 150w\" sizes=\"auto, (max-width: 512px) 100vw, 512px\" \/><\/figure>\n<\/div>\n\n\n<div style=\"height:20px\" aria-hidden=\"true\" class=\"wp-block-spacer\"><\/div>\n\n\n\n<h1 class=\"wp-block-heading has-text-align-center has-nv-dark-bg-color has-text-color has-link-color wp-elements-1de9f07811cc187a381998c0904db5a2\">Prodotti e Servizi<\/h1>\n\n\n\n<div style=\"height:50px\" aria-hidden=\"true\" class=\"wp-block-spacer\"><\/div>\n<\/div><\/div>\n\n\n\n<div class=\"wp-block-cover alignfull\" style=\"min-height:50px;aspect-ratio:unset;\"><span aria-hidden=\"true\" class=\"wp-block-cover__background has-neve-link-color-background-color has-background-dim-100 has-background-dim\"><\/span><div class=\"wp-block-cover__inner-container is-layout-constrained wp-block-cover-is-layout-constrained\">\n<div style=\"height:40px\" aria-hidden=\"true\" class=\"wp-block-spacer\"><\/div>\n\n\n\n<h2 class=\"wp-block-heading has-text-align-center mb0\">PRINCIPALI SETTORI DI PRODUZIONE<\/h2>\n\n\n\n<div style=\"height:40px\" aria-hidden=\"true\" class=\"wp-block-spacer\"><\/div>\n<\/div><\/div>\n\n\n\n<div class=\"wp-block-columns alignfull mb0 is-layout-flex wp-container-core-columns-is-layout-9d6595d7 wp-block-columns-is-layout-flex\">\n<div class=\"wp-block-column is-layout-flow wp-block-column-is-layout-flow\" style=\"flex-basis:50%\">\n<figure class=\"wp-block-image size-full animated slideInLeft\"><img loading=\"lazy\" decoding=\"async\" width=\"688\" height=\"82\" src=\"https:\/\/www.giacoplast.com\/wp-content\/uploads\/2024\/09\/giacoplast-prodotti01.png\" alt=\"\" class=\"wp-image-414\" srcset=\"https:\/\/www.giacoplast.com\/wp-content\/uploads\/2024\/09\/giacoplast-prodotti01.png 688w, https:\/\/www.giacoplast.com\/wp-content\/uploads\/2024\/09\/giacoplast-prodotti01-300x36.png 300w\" sizes=\"auto, (max-width: 688px) 100vw, 688px\" \/><\/figure>\n\n\n\n<figure class=\"wp-block-image size-full animated slideInLeft delay-500ms\"><img loading=\"lazy\" decoding=\"async\" width=\"688\" height=\"72\" src=\"https:\/\/www.giacoplast.com\/wp-content\/uploads\/2024\/09\/giacoplast-prodotti02.png\" alt=\"\" class=\"wp-image-415\" srcset=\"https:\/\/www.giacoplast.com\/wp-content\/uploads\/2024\/09\/giacoplast-prodotti02.png 688w, https:\/\/www.giacoplast.com\/wp-content\/uploads\/2024\/09\/giacoplast-prodotti02-300x31.png 300w\" sizes=\"auto, (max-width: 688px) 100vw, 688px\" \/><\/figure>\n\n\n\n<figure class=\"wp-block-image size-full animated slideInLeft delay-1s\"><img loading=\"lazy\" decoding=\"async\" width=\"688\" height=\"77\" src=\"https:\/\/www.giacoplast.com\/wp-content\/uploads\/2024\/09\/giacoplast-prodotti03.png\" alt=\"\" class=\"wp-image-418\" srcset=\"https:\/\/www.giacoplast.com\/wp-content\/uploads\/2024\/09\/giacoplast-prodotti03.png 688w, https:\/\/www.giacoplast.com\/wp-content\/uploads\/2024\/09\/giacoplast-prodotti03-300x34.png 300w\" sizes=\"auto, (max-width: 688px) 100vw, 688px\" \/><\/figure>\n\n\n\n<figure class=\"wp-block-image size-full animated slideInLeft o-anim-custom-delay o-anim-value-delay-1500ms\"><img loading=\"lazy\" decoding=\"async\" width=\"688\" height=\"59\" src=\"https:\/\/www.giacoplast.com\/wp-content\/uploads\/2024\/09\/giacoplast-prodotti04.png\" alt=\"\" class=\"wp-image-421\" srcset=\"https:\/\/www.giacoplast.com\/wp-content\/uploads\/2024\/09\/giacoplast-prodotti04.png 688w, https:\/\/www.giacoplast.com\/wp-content\/uploads\/2024\/09\/giacoplast-prodotti04-300x26.png 300w\" sizes=\"auto, (max-width: 688px) 100vw, 688px\" \/><\/figure>\n\n\n\n<figure class=\"wp-block-image size-full animated slideInLeft delay-2s\"><img loading=\"lazy\" decoding=\"async\" width=\"688\" height=\"73\" src=\"https:\/\/www.giacoplast.com\/wp-content\/uploads\/2024\/09\/giacoplast-prodotti05.png\" alt=\"\" class=\"wp-image-427\" srcset=\"https:\/\/www.giacoplast.com\/wp-content\/uploads\/2024\/09\/giacoplast-prodotti05.png 688w, https:\/\/www.giacoplast.com\/wp-content\/uploads\/2024\/09\/giacoplast-prodotti05-300x32.png 300w\" sizes=\"auto, (max-width: 688px) 100vw, 688px\" \/><\/figure>\n\n\n\n<figure class=\"wp-block-image size-full animated slideInLeft o-anim-custom-delay o-anim-value-delay-2500ms\"><img loading=\"lazy\" decoding=\"async\" width=\"688\" height=\"76\" src=\"https:\/\/www.giacoplast.com\/wp-content\/uploads\/2024\/09\/giacoplast-prodotti06.png\" alt=\"\" class=\"wp-image-430\" srcset=\"https:\/\/www.giacoplast.com\/wp-content\/uploads\/2024\/09\/giacoplast-prodotti06.png 688w, https:\/\/www.giacoplast.com\/wp-content\/uploads\/2024\/09\/giacoplast-prodotti06-300x33.png 300w\" sizes=\"auto, (max-width: 688px) 100vw, 688px\" \/><\/figure>\n\n\n\n<figure class=\"wp-block-image size-full animated slideInLeft o-anim-custom-delay o-anim-value-delay-3000ms\"><img loading=\"lazy\" decoding=\"async\" width=\"688\" height=\"100\" src=\"https:\/\/www.giacoplast.com\/wp-content\/uploads\/2024\/09\/giacoplast-prodotti07.png\" alt=\"\" class=\"wp-image-433\" srcset=\"https:\/\/www.giacoplast.com\/wp-content\/uploads\/2024\/09\/giacoplast-prodotti07.png 688w, https:\/\/www.giacoplast.com\/wp-content\/uploads\/2024\/09\/giacoplast-prodotti07-300x44.png 300w\" sizes=\"auto, (max-width: 688px) 100vw, 688px\" \/><\/figure>\n<\/div>\n\n\n\n<div class=\"wp-block-column is-layout-flow wp-block-column-is-layout-flow\" style=\"flex-basis:600px\">\n<div style=\"height:40px\" aria-hidden=\"true\" class=\"wp-block-spacer\"><\/div>\n\n\n\n<p>L\u2019organico altamente specializzato ed esperto permette di garantire costante assistenza al Cliente nonch\u00e8 la cura del prodotto in ogni fase del processo, quali progettazione e realizzazione di stampi, prototipazione e stampaggio di tecnopolimeri per i diversi settori industriali quali ad esempio<\/p>\n\n\n\n<ul class=\"wp-block-list stretto\">\n<li>AUTOMOTIVE<\/li>\n\n\n\n<li>ELETTRICO<\/li>\n\n\n\n<li>TESSILE<\/li>\n\n\n\n<li>OIL &amp; GAS<\/li>\n\n\n\n<li>MECCANICO<\/li>\n\n\n\n<li>ELETTROMECCANICO<\/li>\n\n\n\n<li>AREONAUTICO<\/li>\n\n\n\n<li>MEDICALE<\/li>\n\n\n\n<li>FARMACEUTICO<\/li>\n\n\n\n<li>TELECOMUNICAZIONI<\/li>\n<\/ul>\n\n\n\n<div style=\"height:40px\" aria-hidden=\"true\" class=\"wp-block-spacer\"><\/div>\n<\/div>\n<\/div>\n\n\n\n<div class=\"wp-block-cover alignfull\"><span aria-hidden=\"true\" class=\"wp-block-cover__background has-nv-light-bg-background-color has-background-dim-100 has-background-dim\"><\/span><div class=\"wp-block-cover__inner-container is-layout-constrained wp-block-cover-is-layout-constrained\"><div class=\"wp-block-image\">\n<figure class=\"aligncenter size-large\"><img loading=\"lazy\" decoding=\"async\" width=\"1024\" height=\"427\" src=\"https:\/\/www.giacoplast.com\/wp-content\/uploads\/2024\/09\/prodotti-giacoplast-insieme-2024-1024x427.jpg\" alt=\"\" class=\"wp-image-476\" srcset=\"https:\/\/www.giacoplast.com\/wp-content\/uploads\/2024\/09\/prodotti-giacoplast-insieme-2024-1024x427.jpg 1024w, https:\/\/www.giacoplast.com\/wp-content\/uploads\/2024\/09\/prodotti-giacoplast-insieme-2024-300x125.jpg 300w, https:\/\/www.giacoplast.com\/wp-content\/uploads\/2024\/09\/prodotti-giacoplast-insieme-2024-768x320.jpg 768w, https:\/\/www.giacoplast.com\/wp-content\/uploads\/2024\/09\/prodotti-giacoplast-insieme-2024.jpg 1536w\" sizes=\"auto, (max-width: 1024px) 100vw, 1024px\" \/><\/figure>\n<\/div><\/div><\/div>\n\n\n\n<div class=\"wp-block-cover alignfull\"><span aria-hidden=\"true\" class=\"wp-block-cover__background has-neve-link-color-background-color has-background-dim-100 has-background-dim\"><\/span><div class=\"wp-block-cover__inner-container is-layout-constrained wp-block-cover-is-layout-constrained\">\n<div class=\"wp-block-columns containerali is-layout-flex wp-container-core-columns-is-layout-9d6595d7 wp-block-columns-is-layout-flex\">\n<div class=\"wp-block-column is-layout-flow wp-block-column-is-layout-flow\">\n<div style=\"height:30px\" aria-hidden=\"true\" class=\"wp-block-spacer\"><\/div>\n\n\n\n<h2 class=\"wp-block-heading has-text-align-center\">PRODOTTI E SERVIZI<\/h2>\n\n\n\n<p class=\"has-nv-text-dark-bg-color has-text-color has-link-color wp-elements-30381fb5db0d7de5e7604ec80675e069\">La mission principale di GIACOPLAST \u00e8 la completa soddisfazione della propria Clientela e ci\u00f2 avviene fornendo un servizio completo e di elevato standard qualitativo. Ci\u00f2 avviene attraverso la rispondenza dei servizi forniti in termine di qualit\u00e0, affidabilit\u00e0, puntualit\u00e0 e flessibilit\u00e0, producendo manufatti plastici ad alto contenuto tecnologico e con la massima precisione dimensionale, attraverso le seguenti attivit\u00e0 specialistiche:<\/p>\n\n\n\n<div class=\"wp-block-columns has-nv-text-dark-bg-color has-text-color has-link-color wp-elements-ca755a3c363ccf4e3c36c028e927dda0 is-layout-flex wp-container-core-columns-is-layout-9d6595d7 wp-block-columns-is-layout-flex\">\n<div class=\"wp-block-column dividicolonne margino is-layout-flow wp-block-column-is-layout-flow\">\n<ul class=\"wp-block-list spaziolettere has-nv-text-dark-bg-color has-text-color has-link-color wp-elements-f4b16f68921cc60fedfec6086adb642a\">\n<li>Stampaggio ad iniezione di materiale plastico e gomme<\/li>\n\n\n\n<li>Costampaggio materie plastiche e gomma<\/li>\n\n\n\n<li>Saldatura a lama calda<\/li>\n\n\n\n<li>Saldatura ad ultrasuoni<\/li>\n\n\n\n<li>Assemblaggio e posizionamento d\u2019inserti anche di ridotte dimensioni<\/li>\n\n\n\n<li>Progettazione, costruzione e manutenzione stampi<\/li>\n\n\n\n<li>Trasporti, stoccaggio e servizi logistici<\/li>\n\n\n\n<li>Prototipazione<\/li>\n<\/ul>\n<\/div>\n<\/div>\n\n\n\n<div style=\"height:30px\" aria-hidden=\"true\" class=\"wp-block-spacer\"><\/div>\n<\/div>\n<\/div>\n<\/div><\/div>\n\n\n\n<div style=\"height:30px\" aria-hidden=\"true\" class=\"wp-block-spacer\"><\/div>\n\n\n\n<h2 class=\"wp-block-heading has-text-align-center\">PER UN SERVIZIO MIGLIORE ED EFFICIENTE<\/h2>\n\n\n<div class=\"wp-block-image\">\n<figure class=\"aligncenter size-full\"><img loading=\"lazy\" decoding=\"async\" width=\"1909\" height=\"587\" src=\"https:\/\/www.giacoplast.com\/wp-content\/uploads\/2024\/09\/img-prodotti-servizi-3img-bottom.jpg\" alt=\"\" class=\"wp-image-462\" srcset=\"https:\/\/www.giacoplast.com\/wp-content\/uploads\/2024\/09\/img-prodotti-servizi-3img-bottom.jpg 1909w, https:\/\/www.giacoplast.com\/wp-content\/uploads\/2024\/09\/img-prodotti-servizi-3img-bottom-300x92.jpg 300w, https:\/\/www.giacoplast.com\/wp-content\/uploads\/2024\/09\/img-prodotti-servizi-3img-bottom-1024x315.jpg 1024w, https:\/\/www.giacoplast.com\/wp-content\/uploads\/2024\/09\/img-prodotti-servizi-3img-bottom-768x236.jpg 768w, https:\/\/www.giacoplast.com\/wp-content\/uploads\/2024\/09\/img-prodotti-servizi-3img-bottom-1536x472.jpg 1536w\" sizes=\"auto, (max-width: 1909px) 100vw, 1909px\" \/><\/figure>\n<\/div>\n\n\n<div style=\"height:30px\" aria-hidden=\"true\" class=\"wp-block-spacer\"><\/div>\n\n\n\n<div class=\"wp-block-columns are-vertically-aligned-center is-layout-flex wp-container-core-columns-is-layout-9d6595d7 wp-block-columns-is-layout-flex\">\n<div class=\"wp-block-column is-vertically-aligned-center is-layout-flow wp-block-column-is-layout-flow\" style=\"flex-basis:33.33%\"><div class=\"wp-block-image\">\n<figure class=\"aligncenter size-full\"><img loading=\"lazy\" decoding=\"async\" width=\"672\" height=\"314\" src=\"https:\/\/www.giacoplast.com\/wp-content\/uploads\/2024\/09\/scontorno-ingranaggi-3pezzi-giacoplast-2024.png\" alt=\"\" class=\"wp-image-351\" srcset=\"https:\/\/www.giacoplast.com\/wp-content\/uploads\/2024\/09\/scontorno-ingranaggi-3pezzi-giacoplast-2024.png 672w, https:\/\/www.giacoplast.com\/wp-content\/uploads\/2024\/09\/scontorno-ingranaggi-3pezzi-giacoplast-2024-300x140.png 300w\" sizes=\"auto, (max-width: 672px) 100vw, 672px\" \/><\/figure>\n<\/div><\/div>\n\n\n\n<div class=\"wp-block-column is-vertically-aligned-center is-layout-flow wp-block-column-is-layout-flow\" style=\"flex-basis:66.66%\">\n<p>GIACOPLAST ha a disposizione un\u2019officina meccanica in grado di occuparsi delle ulteriori attivit\u00e0 di supporto del Cliente nonch\u00e9 dell\u2019importante fase di gestione in pieno stato d\u2019efficienza manutentiva della totalit\u00e0 degli stampi affidati.<\/p>\n<\/div>\n<\/div>\n\n\n\n<div style=\"height:30px\" aria-hidden=\"true\" class=\"wp-block-spacer\"><\/div>\n\n\n\n<h2 class=\"wp-block-heading has-text-align-center\">RISPETTO PER L\u2019AMBIENTE<\/h2>\n\n\n\n<div class=\"wp-block-cover alignfull\"><span aria-hidden=\"true\" class=\"wp-block-cover__background has-background-dim-0 has-background-dim\" style=\"background-color:#787a61\"><\/span><img loading=\"lazy\" decoding=\"async\" width=\"1536\" height=\"850\" class=\"wp-block-cover__image-background wp-image-486\" alt=\"\" src=\"https:\/\/www.giacoplast.com\/wp-content\/uploads\/2024\/09\/prodotti-img-bottom-ambiente-giacoplast-alberi.jpg\" data-object-fit=\"cover\" srcset=\"https:\/\/www.giacoplast.com\/wp-content\/uploads\/2024\/09\/prodotti-img-bottom-ambiente-giacoplast-alberi.jpg 1536w, https:\/\/www.giacoplast.com\/wp-content\/uploads\/2024\/09\/prodotti-img-bottom-ambiente-giacoplast-alberi-300x166.jpg 300w, https:\/\/www.giacoplast.com\/wp-content\/uploads\/2024\/09\/prodotti-img-bottom-ambiente-giacoplast-alberi-1024x567.jpg 1024w, https:\/\/www.giacoplast.com\/wp-content\/uploads\/2024\/09\/prodotti-img-bottom-ambiente-giacoplast-alberi-768x425.jpg 768w\" sizes=\"auto, (max-width: 1536px) 100vw, 1536px\" \/><div class=\"wp-block-cover__inner-container is-layout-constrained wp-block-cover-is-layout-constrained\">\n<p class=\"has-text-align-center has-large-font-size\"><\/p>\n<\/div><\/div>\n\n\n\n<div class=\"wp-block-cover alignfull\" style=\"min-height:50px;aspect-ratio:unset;\"><span aria-hidden=\"true\" class=\"wp-block-cover__background has-neve-link-color-background-color has-background-dim-100 has-background-dim\"><\/span><div class=\"wp-block-cover__inner-container is-layout-constrained wp-block-cover-is-layout-constrained\">\n<div style=\"height:40px\" aria-hidden=\"true\" class=\"wp-block-spacer\"><\/div>\n\n\n\n<p class=\"has-text-align-center has-nv-text-dark-bg-color has-text-color has-link-color wp-elements-5c0f85bd29d4706d8274d7c48208049d\">GIACOPLAST si impegna quotidianamente per una razionalizzazione del lavoro che consenta una maggior riduzione degli scarti e degli sprechi.<br>Utilizzare e produrre pensando all\u2019ambiente fa parte della nostra filosofia industriale eliminando le eccedenze che devono essere riciclate.<\/p>\n\n\n\n<div style=\"height:20px\" aria-hidden=\"true\" class=\"wp-block-spacer\"><\/div>\n<\/div><\/div>\n","protected":false},"excerpt":{"rendered":"<p>L\u2019organico altamente specializzato ed esperto permette di garantire costante assistenza al Cliente nonch\u00e8 la cura del prodotto in ogni fase del processo, quali progettazione e realizzazione di stampi, prototipazione e stampaggio di tecnopolimeri per i diversi settori industriali quali ad esempio PER UN SERVIZIO MIGLIORE ED EFFICIENTE GIACOPLAST ha a disposizione un\u2019officina meccanica in grado&hellip;&nbsp;<a href=\"https:\/\/www.giacoplast.com\/it_it\/prodotti-servizi\/\" rel=\"bookmark\">Read More &raquo;<span class=\"screen-reader-text\">Prodotti e servizi<\/span><\/a><\/p>\n","protected":false},"author":1,"featured_media":0,"parent":0,"menu_order":0,"comment_status":"closed","ping_status":"closed","template":"","meta":{"neve_meta_sidebar":"","neve_meta_container":"","neve_meta_enable_content_width":"","neve_meta_content_width":0,"neve_meta_title_alignment":"","neve_meta_author_avatar":"","neve_post_elements_order":"","neve_meta_disable_header":"","neve_meta_disable_footer":"","neve_meta_disable_title":"on","neve_meta_reading_time":"","footnotes":""},"class_list":["post-251","page","type-page","status-publish","hentry"],"_links":{"self":[{"href":"https:\/\/www.giacoplast.com\/it_it\/wp-json\/wp\/v2\/pages\/251","targetHints":{"allow":["GET"]}}],"collection":[{"href":"https:\/\/www.giacoplast.com\/it_it\/wp-json\/wp\/v2\/pages"}],"about":[{"href":"https:\/\/www.giacoplast.com\/it_it\/wp-json\/wp\/v2\/types\/page"}],"author":[{"embeddable":true,"href":"https:\/\/www.giacoplast.com\/it_it\/wp-json\/wp\/v2\/users\/1"}],"replies":[{"embeddable":true,"href":"https:\/\/www.giacoplast.com\/it_it\/wp-json\/wp\/v2\/comments?post=251"}],"version-history":[{"count":73,"href":"https:\/\/www.giacoplast.com\/it_it\/wp-json\/wp\/v2\/pages\/251\/revisions"}],"predecessor-version":[{"id":510,"href":"https:\/\/www.giacoplast.com\/it_it\/wp-json\/wp\/v2\/pages\/251\/revisions\/510"}],"wp:attachment":[{"href":"https:\/\/www.giacoplast.com\/it_it\/wp-json\/wp\/v2\/media?parent=251"}],"curies":[{"name":"wp","href":"https:\/\/api.w.org\/{rel}","templated":true}]}}